{"id":88,"date":"2025-06-16T22:33:32","date_gmt":"2025-06-17T03:33:32","guid":{"rendered":"https:\/\/www.eitrigoldsmith.ca\/?page_id=88"},"modified":"2025-11-09T16:14:36","modified_gmt":"2025-11-09T22:14:36","slug":"design-honnun","status":"publish","type":"page","link":"https:\/\/www.eitrigoldsmith.ca\/index.php\/design-honnun\/","title":{"rendered":"gallery \/ myndasafn"},"content":{"rendered":"\n<figure class=\"wp-block-gallery has-nested-images columns-default is-cropped wp-block-gallery-1 is-layout-flex wp-block-gallery-is-layout-flex\">\n<figure class=\"wp-block-image size-large\"><img loading=\"lazy\" decoding=\"async\" width=\"768\" height=\"1024\" data-id=\"288\" src=\"https:\/\/www.eitrigoldsmith.ca\/wp-content\/uploads\/2025\/11\/doubleFlower-03close-768x1024.jpg\" alt=\"Double Flower Pendant zoomout\" class=\"wp-image-288\" srcset=\"https:\/\/www.eitrigoldsmith.ca\/wp-content\/uploads\/2025\/11\/doubleFlower-03close-768x1024.jpg 768w, https:\/\/www.eitrigoldsmith.ca\/wp-content\/uploads\/2025\/11\/doubleFlower-03close-225x300.jpg 225w, https:\/\/www.eitrigoldsmith.ca\/wp-content\/uploads\/2025\/11\/doubleFlower-03close-1152x1536.jpg 1152w, https:\/\/www.eitrigoldsmith.ca\/wp-content\/uploads\/2025\/11\/doubleFlower-03close-1536x2048.jpg 1536w, https:\/\/www.eitrigoldsmith.ca\/wp-content\/uploads\/2025\/11\/doubleFlower-03close-113x150.jpg 113w, https:\/\/www.eitrigoldsmith.ca\/wp-content\/uploads\/2025\/11\/doubleFlower-03close-scaled.jpg 1920w\" sizes=\"auto, (max-width: 768px) 100vw, 768px\" \/><figcaption class=\"wp-element-caption\">Double Flower Pendant<\/figcaption><\/figure>\n\n\n\n<figure class=\"wp-block-image size-large\"><img loading=\"lazy\" decoding=\"async\" width=\"500\" height=\"590\" data-id=\"281\" src=\"https:\/\/www.eitrigoldsmith.ca\/wp-content\/uploads\/2025\/11\/doubleFlower-02close-500xx590.jpg\" alt=\"Double Flower Pendant\" class=\"wp-image-281\" srcset=\"https:\/\/www.eitrigoldsmith.ca\/wp-content\/uploads\/2025\/11\/doubleFlower-02close-500xx590.jpg 500w, https:\/\/www.eitrigoldsmith.ca\/wp-content\/uploads\/2025\/11\/doubleFlower-02close-500xx590-254x300.jpg 254w, https:\/\/www.eitrigoldsmith.ca\/wp-content\/uploads\/2025\/11\/doubleFlower-02close-500xx590-127x150.jpg 127w\" sizes=\"auto, (max-width: 500px) 100vw, 500px\" \/><figcaption class=\"wp-element-caption\"><strong>Double Flower Pendant<\/strong><\/figcaption><\/figure>\n\n\n\n<figure class=\"wp-block-image size-large\"><img loading=\"lazy\" decoding=\"async\" width=\"768\" height=\"1024\" data-id=\"286\" src=\"https:\/\/www.eitrigoldsmith.ca\/wp-content\/uploads\/2025\/11\/clover-01close-768x1024.jpg\" alt=\"Clover \/ Sm\u00e1ri\" class=\"wp-image-286\" srcset=\"https:\/\/www.eitrigoldsmith.ca\/wp-content\/uploads\/2025\/11\/clover-01close-768x1024.jpg 768w, https:\/\/www.eitrigoldsmith.ca\/wp-content\/uploads\/2025\/11\/clover-01close-225x300.jpg 225w, https:\/\/www.eitrigoldsmith.ca\/wp-content\/uploads\/2025\/11\/clover-01close-1152x1536.jpg 1152w, https:\/\/www.eitrigoldsmith.ca\/wp-content\/uploads\/2025\/11\/clover-01close-1536x2048.jpg 1536w, https:\/\/www.eitrigoldsmith.ca\/wp-content\/uploads\/2025\/11\/clover-01close-113x150.jpg 113w, https:\/\/www.eitrigoldsmith.ca\/wp-content\/uploads\/2025\/11\/clover-01close-scaled.jpg 1920w\" sizes=\"auto, (max-width: 768px) 100vw, 768px\" \/><figcaption class=\"wp-element-caption\">Clover \/ Sm\u00e1ri<\/figcaption><\/figure>\n\n\n\n<figure class=\"wp-block-image size-large\"><img loading=\"lazy\" decoding=\"async\" width=\"500\" height=\"533\" data-id=\"284\" src=\"https:\/\/www.eitrigoldsmith.ca\/wp-content\/uploads\/2025\/11\/hjarta-01-500x533-1.jpg\" alt=\"Heart \/ Hjarta\" class=\"wp-image-284\" srcset=\"https:\/\/www.eitrigoldsmith.ca\/wp-content\/uploads\/2025\/11\/hjarta-01-500x533-1.jpg 500w, https:\/\/www.eitrigoldsmith.ca\/wp-content\/uploads\/2025\/11\/hjarta-01-500x533-1-281x300.jpg 281w, https:\/\/www.eitrigoldsmith.ca\/wp-content\/uploads\/2025\/11\/hjarta-01-500x533-1-141x150.jpg 141w\" sizes=\"auto, (max-width: 500px) 100vw, 500px\" \/><figcaption class=\"wp-element-caption\"><strong>Heart \/ Hjarta<\/strong><\/figcaption><\/figure>\n\n\n\n<figure class=\"wp-block-image size-large\"><img loading=\"lazy\" decoding=\"async\" width=\"500\" height=\"495\" data-id=\"291\" src=\"https:\/\/www.eitrigoldsmith.ca\/wp-content\/uploads\/2025\/11\/thorshammer-02wood-500x495-1.jpg\" alt=\"Thor's Hammer \/ Mj\u00f6lnir\" class=\"wp-image-291\" srcset=\"https:\/\/www.eitrigoldsmith.ca\/wp-content\/uploads\/2025\/11\/thorshammer-02wood-500x495-1.jpg 500w, https:\/\/www.eitrigoldsmith.ca\/wp-content\/uploads\/2025\/11\/thorshammer-02wood-500x495-1-300x297.jpg 300w, https:\/\/www.eitrigoldsmith.ca\/wp-content\/uploads\/2025\/11\/thorshammer-02wood-500x495-1-150x150.jpg 150w\" sizes=\"auto, (max-width: 500px) 100vw, 500px\" \/><figcaption class=\"wp-element-caption\"><strong>Thor&#8217;s Hammer \/ Mj\u00f6lnir<\/strong><\/figcaption><\/figure>\n\n\n\n<figure class=\"wp-block-image size-large\"><img loading=\"lazy\" decoding=\"async\" width=\"500\" height=\"555\" data-id=\"290\" src=\"https:\/\/www.eitrigoldsmith.ca\/wp-content\/uploads\/2025\/11\/thorshammer-01close-500x555-1.jpg\" alt=\"Thor's Hammer \/ Mj\u00f6lnir\" class=\"wp-image-290\" srcset=\"https:\/\/www.eitrigoldsmith.ca\/wp-content\/uploads\/2025\/11\/thorshammer-01close-500x555-1.jpg 500w, https:\/\/www.eitrigoldsmith.ca\/wp-content\/uploads\/2025\/11\/thorshammer-01close-500x555-1-270x300.jpg 270w, https:\/\/www.eitrigoldsmith.ca\/wp-content\/uploads\/2025\/11\/thorshammer-01close-500x555-1-135x150.jpg 135w\" sizes=\"auto, (max-width: 500px) 100vw, 500px\" \/><figcaption class=\"wp-element-caption\"><strong>Thor&#8217;s Hammer \/ Mj\u00f6lnir<\/strong><\/figcaption><\/figure>\n\n\n\n<figure class=\"wp-block-image size-large\"><img loading=\"lazy\" decoding=\"async\" width=\"490\" height=\"500\" data-id=\"117\" src=\"https:\/\/www.eitrigoldsmith.ca\/wp-content\/uploads\/2025\/06\/Naela-490x500x72.jpg\" alt=\"N\u00e6la \/ pin brooch for clothing or hair\" class=\"wp-image-117\" srcset=\"https:\/\/www.eitrigoldsmith.ca\/wp-content\/uploads\/2025\/06\/Naela-490x500x72.jpg 490w, https:\/\/www.eitrigoldsmith.ca\/wp-content\/uploads\/2025\/06\/Naela-490x500x72-294x300.jpg 294w, https:\/\/www.eitrigoldsmith.ca\/wp-content\/uploads\/2025\/06\/Naela-490x500x72-147x150.jpg 147w\" sizes=\"auto, (max-width: 490px) 100vw, 490px\" \/><figcaption class=\"wp-element-caption\"><strong>N\u00e6la \/ pin brooch for clothing or hair<\/strong><\/figcaption><\/figure>\n\n\n\n<figure class=\"wp-block-image size-large\"><img loading=\"lazy\" decoding=\"async\" width=\"347\" height=\"500\" data-id=\"115\" src=\"https:\/\/www.eitrigoldsmith.ca\/wp-content\/uploads\/2025\/06\/MillaDressButton-347x500x72.jpg\" alt=\"Thistle Milla Dress Button, Silver\" class=\"wp-image-115\" srcset=\"https:\/\/www.eitrigoldsmith.ca\/wp-content\/uploads\/2025\/06\/MillaDressButton-347x500x72.jpg 347w, https:\/\/www.eitrigoldsmith.ca\/wp-content\/uploads\/2025\/06\/MillaDressButton-347x500x72-208x300.jpg 208w, https:\/\/www.eitrigoldsmith.ca\/wp-content\/uploads\/2025\/06\/MillaDressButton-347x500x72-104x150.jpg 104w\" sizes=\"auto, (max-width: 347px) 100vw, 347px\" \/><figcaption class=\"wp-element-caption\"><strong>Thistle Milla Dress Button, Silver<\/strong><\/figcaption><\/figure>\n\n\n\n<figure class=\"wp-block-image size-large is-style-default\"><img loading=\"lazy\" decoding=\"async\" width=\"667\" height=\"500\" data-id=\"116\" src=\"https:\/\/www.eitrigoldsmith.ca\/wp-content\/uploads\/2025\/06\/Millur-med-nal-og-reim-667x500x72.jpg\" alt=\"\u00feistill Millur me\u00f0 n\u00e1l og reim\" class=\"wp-image-116\" srcset=\"https:\/\/www.eitrigoldsmith.ca\/wp-content\/uploads\/2025\/06\/Millur-med-nal-og-reim-667x500x72.jpg 667w, https:\/\/www.eitrigoldsmith.ca\/wp-content\/uploads\/2025\/06\/Millur-med-nal-og-reim-667x500x72-300x225.jpg 300w, https:\/\/www.eitrigoldsmith.ca\/wp-content\/uploads\/2025\/06\/Millur-med-nal-og-reim-667x500x72-150x112.jpg 150w\" sizes=\"auto, (max-width: 667px) 100vw, 667px\" \/><figcaption class=\"wp-element-caption\"><strong>\u00feistill Millur me\u00f0 n\u00e1l og reim<\/strong><\/figcaption><\/figure>\n\n\n\n<figure class=\"wp-block-image size-large\"><img loading=\"lazy\" decoding=\"async\" width=\"667\" height=\"500\" data-id=\"150\" src=\"https:\/\/www.eitrigoldsmith.ca\/wp-content\/uploads\/2025\/06\/TistillBuckle1b-667x500x72.jpg\" alt=\"\u00feistill sylgju \/ Thistle Buckle Silver\" class=\"wp-image-150\" srcset=\"https:\/\/www.eitrigoldsmith.ca\/wp-content\/uploads\/2025\/06\/TistillBuckle1b-667x500x72.jpg 667w, https:\/\/www.eitrigoldsmith.ca\/wp-content\/uploads\/2025\/06\/TistillBuckle1b-667x500x72-300x225.jpg 300w, https:\/\/www.eitrigoldsmith.ca\/wp-content\/uploads\/2025\/06\/TistillBuckle1b-667x500x72-150x112.jpg 150w\" sizes=\"auto, (max-width: 667px) 100vw, 667px\" \/><figcaption class=\"wp-element-caption\">\u00feistill sylgju \/ Thistle Buckle Silver<\/figcaption><\/figure>\n\n\n\n<figure class=\"wp-block-image size-full\"><img loading=\"lazy\" decoding=\"async\" width=\"600\" height=\"500\" data-id=\"131\" src=\"https:\/\/www.eitrigoldsmith.ca\/wp-content\/uploads\/2025\/06\/HairBeadsAndHairRingsSterling-600x500x72.jpg\" alt=\"Sterling Silver Hair Beads and Rings\" class=\"wp-image-131\" srcset=\"https:\/\/www.eitrigoldsmith.ca\/wp-content\/uploads\/2025\/06\/HairBeadsAndHairRingsSterling-600x500x72.jpg 600w, https:\/\/www.eitrigoldsmith.ca\/wp-content\/uploads\/2025\/06\/HairBeadsAndHairRingsSterling-600x500x72-300x250.jpg 300w, https:\/\/www.eitrigoldsmith.ca\/wp-content\/uploads\/2025\/06\/HairBeadsAndHairRingsSterling-600x500x72-150x125.jpg 150w\" sizes=\"auto, (max-width: 600px) 100vw, 600px\" \/><figcaption class=\"wp-element-caption\">Sterling Silver Hair Beads and Rings<\/figcaption><\/figure>\n\n\n\n<figure class=\"wp-block-image size-full\"><img loading=\"lazy\" decoding=\"async\" width=\"500\" height=\"500\" data-id=\"90\" src=\"http:\/\/www.eitrigoldsmith.ca\/wp-content\/uploads\/2025\/06\/18kWhiteGoldEmeraldDiamondRing-500x500x72.jpg\" alt=\"18k Hg me\u00f0 dem\u00f6ntum og smar\u00f6g\u00f0um\" class=\"wp-image-90\" srcset=\"https:\/\/www.eitrigoldsmith.ca\/wp-content\/uploads\/2025\/06\/18kWhiteGoldEmeraldDiamondRing-500x500x72.jpg 500w, https:\/\/www.eitrigoldsmith.ca\/wp-content\/uploads\/2025\/06\/18kWhiteGoldEmeraldDiamondRing-500x500x72-300x300.jpg 300w, https:\/\/www.eitrigoldsmith.ca\/wp-content\/uploads\/2025\/06\/18kWhiteGoldEmeraldDiamondRing-500x500x72-150x150.jpg 150w\" sizes=\"auto, (max-width: 500px) 100vw, 500px\" \/><figcaption class=\"wp-element-caption\">18k Hg me\u00f0 dem\u00f6ntum og smar\u00f6g\u00f0um<\/figcaption><\/figure>\n\n\n\n<figure class=\"wp-block-image size-large\"><img loading=\"lazy\" decoding=\"async\" width=\"500\" height=\"500\" data-id=\"118\" src=\"https:\/\/www.eitrigoldsmith.ca\/wp-content\/uploads\/2025\/06\/PlumbingPendant1a-500x500x72.jpg\" alt=\"Plumbing Pendant, 18k Gold &amp; Diamond\" class=\"wp-image-118\" srcset=\"https:\/\/www.eitrigoldsmith.ca\/wp-content\/uploads\/2025\/06\/PlumbingPendant1a-500x500x72.jpg 500w, https:\/\/www.eitrigoldsmith.ca\/wp-content\/uploads\/2025\/06\/PlumbingPendant1a-500x500x72-300x300.jpg 300w, https:\/\/www.eitrigoldsmith.ca\/wp-content\/uploads\/2025\/06\/PlumbingPendant1a-500x500x72-150x150.jpg 150w\" sizes=\"auto, (max-width: 500px) 100vw, 500px\" \/><figcaption class=\"wp-element-caption\"><strong>Plumbing Pendant, 18k Gold &amp; Diamond<\/strong><\/figcaption><\/figure>\n\n\n\n<figure class=\"wp-block-image size-large\"><img loading=\"lazy\" decoding=\"async\" width=\"500\" height=\"500\" data-id=\"111\" src=\"https:\/\/www.eitrigoldsmith.ca\/wp-content\/uploads\/2025\/06\/HingedBraceletSterling1a-500x500x72.jpg\" alt=\"Hinged Engraved Bracelet, Sterling Silver, Closed\" class=\"wp-image-111\" srcset=\"https:\/\/www.eitrigoldsmith.ca\/wp-content\/uploads\/2025\/06\/HingedBraceletSterling1a-500x500x72.jpg 500w, https:\/\/www.eitrigoldsmith.ca\/wp-content\/uploads\/2025\/06\/HingedBraceletSterling1a-500x500x72-300x300.jpg 300w, https:\/\/www.eitrigoldsmith.ca\/wp-content\/uploads\/2025\/06\/HingedBraceletSterling1a-500x500x72-150x150.jpg 150w\" sizes=\"auto, (max-width: 500px) 100vw, 500px\" \/><figcaption class=\"wp-element-caption\"><strong>Hinged Engraved Bracelet, Sterling Silver, Closed<\/strong><\/figcaption><\/figure>\n\n\n\n<figure class=\"wp-block-image size-large\"><img loading=\"lazy\" decoding=\"async\" width=\"500\" height=\"500\" data-id=\"112\" src=\"https:\/\/www.eitrigoldsmith.ca\/wp-content\/uploads\/2025\/06\/HingedBraceletSterling1b-500x500x72.jpg\" alt=\"Hinged Engraved Bracelet, Sterling Silver, Open\" class=\"wp-image-112\" srcset=\"https:\/\/www.eitrigoldsmith.ca\/wp-content\/uploads\/2025\/06\/HingedBraceletSterling1b-500x500x72.jpg 500w, https:\/\/www.eitrigoldsmith.ca\/wp-content\/uploads\/2025\/06\/HingedBraceletSterling1b-500x500x72-300x300.jpg 300w, https:\/\/www.eitrigoldsmith.ca\/wp-content\/uploads\/2025\/06\/HingedBraceletSterling1b-500x500x72-150x150.jpg 150w\" sizes=\"auto, (max-width: 500px) 100vw, 500px\" \/><figcaption class=\"wp-element-caption\"><strong>Hinged Engraved Bracelet, Sterling Silver, Open<\/strong><\/figcaption><\/figure>\n\n\n\n<figure class=\"wp-block-image size-full\"><img loading=\"lazy\" decoding=\"async\" width=\"500\" height=\"500\" data-id=\"126\" src=\"https:\/\/www.eitrigoldsmith.ca\/wp-content\/uploads\/2025\/06\/DiamondSynthSapphireSterlingEarringLgBkg-500x500x72.jpg\" alt=\"Diamond &amp; Synthetic Sapphire Earrings, Sterling Silver\" class=\"wp-image-126\" srcset=\"https:\/\/www.eitrigoldsmith.ca\/wp-content\/uploads\/2025\/06\/DiamondSynthSapphireSterlingEarringLgBkg-500x500x72.jpg 500w, https:\/\/www.eitrigoldsmith.ca\/wp-content\/uploads\/2025\/06\/DiamondSynthSapphireSterlingEarringLgBkg-500x500x72-300x300.jpg 300w, https:\/\/www.eitrigoldsmith.ca\/wp-content\/uploads\/2025\/06\/DiamondSynthSapphireSterlingEarringLgBkg-500x500x72-150x150.jpg 150w\" sizes=\"auto, (max-width: 500px) 100vw, 500px\" \/><figcaption class=\"wp-element-caption\"><strong>Diamond &amp; Synthetic Sapphire Earrings, Sterling Silver<\/strong><\/figcaption><\/figure>\n\n\n\n<figure class=\"wp-block-image size-large\"><img loading=\"lazy\" decoding=\"async\" width=\"638\" height=\"500\" data-id=\"113\" src=\"https:\/\/www.eitrigoldsmith.ca\/wp-content\/uploads\/2025\/06\/Kassi-med-loki-a-638x500x72.png\" alt=\"Kassi me\u00f0 loki\" class=\"wp-image-113\" srcset=\"https:\/\/www.eitrigoldsmith.ca\/wp-content\/uploads\/2025\/06\/Kassi-med-loki-a-638x500x72.png 638w, https:\/\/www.eitrigoldsmith.ca\/wp-content\/uploads\/2025\/06\/Kassi-med-loki-a-638x500x72-300x235.png 300w, https:\/\/www.eitrigoldsmith.ca\/wp-content\/uploads\/2025\/06\/Kassi-med-loki-a-638x500x72-150x118.png 150w\" sizes=\"auto, (max-width: 638px) 100vw, 638px\" \/><figcaption class=\"wp-element-caption\"><strong>Kassi me\u00f0 loki<\/strong><\/figcaption><\/figure>\n\n\n\n<figure class=\"wp-block-image size-large\"><img loading=\"lazy\" decoding=\"async\" width=\"667\" height=\"500\" data-id=\"114\" src=\"https:\/\/www.eitrigoldsmith.ca\/wp-content\/uploads\/2025\/06\/Kassi-med-loki-b-667x500x72.jpg\" alt=\"Formed Box with Lid\" class=\"wp-image-114\" srcset=\"https:\/\/www.eitrigoldsmith.ca\/wp-content\/uploads\/2025\/06\/Kassi-med-loki-b-667x500x72.jpg 667w, https:\/\/www.eitrigoldsmith.ca\/wp-content\/uploads\/2025\/06\/Kassi-med-loki-b-667x500x72-300x225.jpg 300w, https:\/\/www.eitrigoldsmith.ca\/wp-content\/uploads\/2025\/06\/Kassi-med-loki-b-667x500x72-150x112.jpg 150w\" sizes=\"auto, (max-width: 667px) 100vw, 667px\" \/><figcaption class=\"wp-element-caption\"><strong>Formed Box with Lid<\/strong><\/figcaption><\/figure>\n\n\n\n<figure class=\"wp-block-image size-large\"><img loading=\"lazy\" decoding=\"async\" width=\"500\" height=\"500\" data-id=\"146\" src=\"https:\/\/www.eitrigoldsmith.ca\/wp-content\/uploads\/2025\/06\/SolidBraceletSterling-500x500x72.jpg\" alt=\"Solid Twist Bracelet Sterling Silver\" class=\"wp-image-146\" srcset=\"https:\/\/www.eitrigoldsmith.ca\/wp-content\/uploads\/2025\/06\/SolidBraceletSterling-500x500x72.jpg 500w, https:\/\/www.eitrigoldsmith.ca\/wp-content\/uploads\/2025\/06\/SolidBraceletSterling-500x500x72-300x300.jpg 300w, https:\/\/www.eitrigoldsmith.ca\/wp-content\/uploads\/2025\/06\/SolidBraceletSterling-500x500x72-150x150.jpg 150w\" sizes=\"auto, (max-width: 500px) 100vw, 500px\" \/><figcaption class=\"wp-element-caption\">Solid Twist Bracelet Sterling Silver<\/figcaption><\/figure>\n\n\n\n<figure class=\"wp-block-image size-large\"><img loading=\"lazy\" decoding=\"async\" width=\"775\" height=\"500\" data-id=\"157\" src=\"https:\/\/www.eitrigoldsmith.ca\/wp-content\/uploads\/2025\/06\/ChasedCelticSwansOxidizedCopper-775x500x72.png\" alt=\"Chased Copper Swans\" class=\"wp-image-157\" srcset=\"https:\/\/www.eitrigoldsmith.ca\/wp-content\/uploads\/2025\/06\/ChasedCelticSwansOxidizedCopper-775x500x72.png 775w, https:\/\/www.eitrigoldsmith.ca\/wp-content\/uploads\/2025\/06\/ChasedCelticSwansOxidizedCopper-775x500x72-300x194.png 300w, https:\/\/www.eitrigoldsmith.ca\/wp-content\/uploads\/2025\/06\/ChasedCelticSwansOxidizedCopper-775x500x72-768x495.png 768w, https:\/\/www.eitrigoldsmith.ca\/wp-content\/uploads\/2025\/06\/ChasedCelticSwansOxidizedCopper-775x500x72-150x97.png 150w\" sizes=\"auto, (max-width: 775px) 100vw, 775px\" \/><figcaption class=\"wp-element-caption\">Chased Copper Swans<\/figcaption><\/figure>\n<\/figure>\n\n\n\n<p>Photographs &#8220;18k Hg me\u00f0 dem\u00f6ntum og smar\u00f6g\u00f0um&#8221;, &#8220;Hinged Engraved Bracelet, Sterling Silver&#8221;, &#8220;Plumbing Pendant&#8221;, &#8220;Solid Twist Bracelet&#8221; courtesy of Nick Crozier<\/p>\n","protected":false},"excerpt":{"rendered":"<p>Photographs &#8220;18k Hg me\u00f0 dem\u00f6ntum og smar\u00f6g\u00f0um&#8221;, &#8220;Hinged Engraved Bracelet, Sterling Silver&#8221;, &#8220;Plumbing Pendant&#8221;, &#8220;Solid Twist Bracelet&#8221; courtesy of Nick Crozier<\/p>\n<p> <a class=\"continue-reading-link\" href=\"https:\/\/www.eitrigoldsmith.ca\/index.php\/design-honnun\/\"><span>Continue reading<\/span><i class=\"crycon-right-dir\"><\/i><\/a> <\/p>\n","protected":false},"author":1,"featured_media":281,"parent":0,"menu_order":0,"comment_status":"closed","ping_status":"closed","template":"","meta":{"footnotes":""},"class_list":["post-88","page","type-page","status-publish","has-post-thumbnail","hentry"],"_links":{"self":[{"href":"https:\/\/www.eitrigoldsmith.ca\/index.php\/wp-json\/wp\/v2\/pages\/88","targetHints":{"allow":["GET"]}}],"collection":[{"href":"https:\/\/www.eitrigoldsmith.ca\/index.php\/wp-json\/wp\/v2\/pages"}],"about":[{"href":"https:\/\/www.eitrigoldsmith.ca\/index.php\/wp-json\/wp\/v2\/types\/page"}],"author":[{"embeddable":true,"href":"https:\/\/www.eitrigoldsmith.ca\/index.php\/wp-json\/wp\/v2\/users\/1"}],"replies":[{"embeddable":true,"href":"https:\/\/www.eitrigoldsmith.ca\/index.php\/wp-json\/wp\/v2\/comments?post=88"}],"version-history":[{"count":36,"href":"https:\/\/www.eitrigoldsmith.ca\/index.php\/wp-json\/wp\/v2\/pages\/88\/revisions"}],"predecessor-version":[{"id":309,"href":"https:\/\/www.eitrigoldsmith.ca\/index.php\/wp-json\/wp\/v2\/pages\/88\/revisions\/309"}],"wp:featuredmedia":[{"embeddable":true,"href":"https:\/\/www.eitrigoldsmith.ca\/index.php\/wp-json\/wp\/v2\/media\/281"}],"wp:attachment":[{"href":"https:\/\/www.eitrigoldsmith.ca\/index.php\/wp-json\/wp\/v2\/media?parent=88"}],"curies":[{"name":"wp","href":"https:\/\/api.w.org\/{rel}","templated":true}]}}