{"id":13,"date":"2025-06-02T19:38:16","date_gmt":"2025-06-03T00:38:16","guid":{"rendered":"http:\/\/khabsjd.cluster051.hosting.ovh.net\/?page_id=13"},"modified":"2025-11-09T16:43:41","modified_gmt":"2025-11-09T22:43:41","slug":"eitri-goldsmith","status":"publish","type":"page","link":"https:\/\/www.eitrigoldsmith.ca\/index.php\/eitri-goldsmith\/","title":{"rendered":"home \/ heim"},"content":{"rendered":"\n<p id=\"HomePage\">Handcrafted jewellery inspired by the natural beauty and rich heritage of Iceland. Explore our collection of unique rings, necklaces, and earrings, each meticulously crafted with high-quality materials and inspired by stunning landscapes, and folklore of New Iceland.<\/p>\n\n\n\n<p id=\"HomePage\">Whether you&#8217;re seeking a special gift or a timeless piece for yourself, need a rework or repair, we are dedicated to creating jewellery that captures your spirit. Discover the magic of craftsmanship today and find your perfect piece.<\/p>\n\n\n\n<p>For more information, contact <a href=\"mailto:eitri@outlook.com\">eitri@outlook.com<\/a><\/p>\n\n\n\n<figure class=\"wp-block-gallery has-nested-images columns-default is-cropped wp-block-gallery-1 is-layout-flex wp-block-gallery-is-layout-flex\">\n<figure class=\"wp-block-image size-large\"><img loading=\"lazy\" decoding=\"async\" width=\"500\" height=\"555\" data-id=\"290\" src=\"https:\/\/www.eitrigoldsmith.ca\/wp-content\/uploads\/2025\/11\/thorshammer-01close-500x555-1.jpg\" alt=\"\" class=\"wp-image-290\" srcset=\"https:\/\/www.eitrigoldsmith.ca\/wp-content\/uploads\/2025\/11\/thorshammer-01close-500x555-1.jpg 500w, https:\/\/www.eitrigoldsmith.ca\/wp-content\/uploads\/2025\/11\/thorshammer-01close-500x555-1-270x300.jpg 270w, https:\/\/www.eitrigoldsmith.ca\/wp-content\/uploads\/2025\/11\/thorshammer-01close-500x555-1-135x150.jpg 135w\" sizes=\"auto, (max-width: 500px) 100vw, 500px\" \/><\/figure>\n\n\n\n<figure class=\"wp-block-image size-large\"><img loading=\"lazy\" decoding=\"async\" width=\"500\" height=\"590\" data-id=\"281\" src=\"https:\/\/www.eitrigoldsmith.ca\/wp-content\/uploads\/2025\/11\/doubleFlower-02close-500xx590.jpg\" alt=\"\" class=\"wp-image-281\" srcset=\"https:\/\/www.eitrigoldsmith.ca\/wp-content\/uploads\/2025\/11\/doubleFlower-02close-500xx590.jpg 500w, https:\/\/www.eitrigoldsmith.ca\/wp-content\/uploads\/2025\/11\/doubleFlower-02close-500xx590-254x300.jpg 254w, https:\/\/www.eitrigoldsmith.ca\/wp-content\/uploads\/2025\/11\/doubleFlower-02close-500xx590-127x150.jpg 127w\" sizes=\"auto, (max-width: 500px) 100vw, 500px\" \/><figcaption class=\"wp-element-caption\">Double Flower<\/figcaption><\/figure>\n\n\n\n<figure class=\"wp-block-image size-large\"><img loading=\"lazy\" decoding=\"async\" width=\"768\" height=\"1024\" data-id=\"286\" src=\"https:\/\/www.eitrigoldsmith.ca\/wp-content\/uploads\/2025\/11\/clover-01close-768x1024.jpg\" alt=\"\" class=\"wp-image-286\" srcset=\"https:\/\/www.eitrigoldsmith.ca\/wp-content\/uploads\/2025\/11\/clover-01close-768x1024.jpg 768w, https:\/\/www.eitrigoldsmith.ca\/wp-content\/uploads\/2025\/11\/clover-01close-225x300.jpg 225w, https:\/\/www.eitrigoldsmith.ca\/wp-content\/uploads\/2025\/11\/clover-01close-1152x1536.jpg 1152w, https:\/\/www.eitrigoldsmith.ca\/wp-content\/uploads\/2025\/11\/clover-01close-1536x2048.jpg 1536w, https:\/\/www.eitrigoldsmith.ca\/wp-content\/uploads\/2025\/11\/clover-01close-113x150.jpg 113w, https:\/\/www.eitrigoldsmith.ca\/wp-content\/uploads\/2025\/11\/clover-01close-scaled.jpg 1920w\" sizes=\"auto, (max-width: 768px) 100vw, 768px\" \/><\/figure>\n\n\n\n<figure class=\"wp-block-image size-large\"><img loading=\"lazy\" decoding=\"async\" width=\"500\" height=\"533\" data-id=\"284\" src=\"https:\/\/www.eitrigoldsmith.ca\/wp-content\/uploads\/2025\/11\/hjarta-01-500x533-1.jpg\" alt=\"\" class=\"wp-image-284\" srcset=\"https:\/\/www.eitrigoldsmith.ca\/wp-content\/uploads\/2025\/11\/hjarta-01-500x533-1.jpg 500w, https:\/\/www.eitrigoldsmith.ca\/wp-content\/uploads\/2025\/11\/hjarta-01-500x533-1-281x300.jpg 281w, https:\/\/www.eitrigoldsmith.ca\/wp-content\/uploads\/2025\/11\/hjarta-01-500x533-1-141x150.jpg 141w\" sizes=\"auto, (max-width: 500px) 100vw, 500px\" \/><\/figure>\n\n\n\n<figure class=\"wp-block-image size-large\"><img loading=\"lazy\" decoding=\"async\" width=\"500\" height=\"500\" data-id=\"118\" src=\"https:\/\/www.eitrigoldsmith.ca\/wp-content\/uploads\/2025\/06\/PlumbingPendant1a-500x500x72.jpg\" alt=\"Plumbing Pendant, Gold\" class=\"wp-image-118\" srcset=\"https:\/\/www.eitrigoldsmith.ca\/wp-content\/uploads\/2025\/06\/PlumbingPendant1a-500x500x72.jpg 500w, https:\/\/www.eitrigoldsmith.ca\/wp-content\/uploads\/2025\/06\/PlumbingPendant1a-500x500x72-300x300.jpg 300w, https:\/\/www.eitrigoldsmith.ca\/wp-content\/uploads\/2025\/06\/PlumbingPendant1a-500x500x72-150x150.jpg 150w\" sizes=\"auto, (max-width: 500px) 100vw, 500px\" \/><figcaption class=\"wp-element-caption\">Plumbing Pendant Gold<\/figcaption><\/figure>\n\n\n\n<figure class=\"wp-block-image size-large\"><img loading=\"lazy\" decoding=\"async\" width=\"500\" height=\"500\" data-id=\"90\" src=\"https:\/\/www.eitrigoldsmith.ca\/wp-content\/uploads\/2025\/06\/18kWhiteGoldEmeraldDiamondRing-500x500x72.jpg\" alt=\"18k Hg me\u00f0 dem\u00f6ntum og smar\u00f6g\u00f0um (Emerald Diamond White Gold)\n\" class=\"wp-image-90\" srcset=\"https:\/\/www.eitrigoldsmith.ca\/wp-content\/uploads\/2025\/06\/18kWhiteGoldEmeraldDiamondRing-500x500x72.jpg 500w, https:\/\/www.eitrigoldsmith.ca\/wp-content\/uploads\/2025\/06\/18kWhiteGoldEmeraldDiamondRing-500x500x72-300x300.jpg 300w, https:\/\/www.eitrigoldsmith.ca\/wp-content\/uploads\/2025\/06\/18kWhiteGoldEmeraldDiamondRing-500x500x72-150x150.jpg 150w\" sizes=\"auto, (max-width: 500px) 100vw, 500px\" \/><figcaption class=\"wp-element-caption\">18k Hg me\u00f0 dem\u00f6ntum og smar\u00f6g\u00f0um (Emerald Diamond White Gold)<\/figcaption><\/figure>\n<\/figure>\n\n\n\n<p><\/p>\n","protected":false},"excerpt":{"rendered":"<p>Handcrafted jewellery inspired by the natural beauty and rich heritage of Iceland. Explore our collection of unique rings, necklaces, and earrings, each meticulously crafted with high-quality materials and inspired by stunning landscapes, and folklore of New Iceland. Whether you&#8217;re seeking a special gift or a timeless piece for yourself, need&#8230;<\/p>\n<p> <a class=\"continue-reading-link\" href=\"https:\/\/www.eitrigoldsmith.ca\/index.php\/eitri-goldsmith\/\"><span>Continue reading<\/span><i class=\"crycon-right-dir\"><\/i><\/a> <\/p>\n","protected":false},"author":1,"featured_media":291,"parent":0,"menu_order":0,"comment_status":"closed","ping_status":"closed","template":"","meta":{"footnotes":""},"class_list":["post-13","page","type-page","status-publish","has-post-thumbnail","hentry"],"_links":{"self":[{"href":"https:\/\/www.eitrigoldsmith.ca\/index.php\/wp-json\/wp\/v2\/pages\/13","targetHints":{"allow":["GET"]}}],"collection":[{"href":"https:\/\/www.eitrigoldsmith.ca\/index.php\/wp-json\/wp\/v2\/pages"}],"about":[{"href":"https:\/\/www.eitrigoldsmith.ca\/index.php\/wp-json\/wp\/v2\/types\/page"}],"author":[{"embeddable":true,"href":"https:\/\/www.eitrigoldsmith.ca\/index.php\/wp-json\/wp\/v2\/users\/1"}],"replies":[{"embeddable":true,"href":"https:\/\/www.eitrigoldsmith.ca\/index.php\/wp-json\/wp\/v2\/comments?post=13"}],"version-history":[{"count":23,"href":"https:\/\/www.eitrigoldsmith.ca\/index.php\/wp-json\/wp\/v2\/pages\/13\/revisions"}],"predecessor-version":[{"id":323,"href":"https:\/\/www.eitrigoldsmith.ca\/index.php\/wp-json\/wp\/v2\/pages\/13\/revisions\/323"}],"wp:featuredmedia":[{"embeddable":true,"href":"https:\/\/www.eitrigoldsmith.ca\/index.php\/wp-json\/wp\/v2\/media\/291"}],"wp:attachment":[{"href":"https:\/\/www.eitrigoldsmith.ca\/index.php\/wp-json\/wp\/v2\/media?parent=13"}],"curies":[{"name":"wp","href":"https:\/\/api.w.org\/{rel}","templated":true}]}}